{"id":9965,"date":"2022-04-19T12:37:10","date_gmt":"2022-04-19T09:37:10","guid":{"rendered":"https:\/\/voxmarisresort.com\/odalarimiz\/"},"modified":"2025-12-27T21:56:57","modified_gmt":"2025-12-27T18:56:57","slug":"odalarimiz","status":"publish","type":"page","link":"https:\/\/voxmarisresort.com\/tr\/odalarimiz\/","title":{"rendered":"Odalar\u0131m\u0131z"},"content":{"rendered":"\t\t<div data-elementor-type=\"wp-page\" data-elementor-id=\"9965\" class=\"elementor elementor-9965 elementor-5686\" data-elementor-post-type=\"page\">\n\t\t\t\t\t\t<section class=\"elementor-section elementor-top-section elementor-element elementor-element-589f89f9 elementor-section-stretched elementor-section-content-middle elementor-section-boxed elementor-section-height-default elementor-section-height-default\" data-id=\"589f89f9\" data-element_type=\"section\" data-e-type=\"section\" data-settings=\"{&quot;stretch_section&quot;:&quot;section-stretched&quot;,&quot;background_background&quot;:&quot;classic&quot;}\">\n\t\t\t\t\t\t\t<div class=\"elementor-background-overlay\"><\/div>\n\t\t\t\t\t\t\t<div class=\"elementor-container elementor-column-gap-default\">\n\t\t\t\t\t<div class=\"elementor-column elementor-col-100 elementor-top-column elementor-element elementor-element-7410219b\" data-id=\"7410219b\" data-element_type=\"column\" data-e-type=\"column\">\n\t\t\t<div class=\"elementor-widget-wrap elementor-element-populated\">\n\t\t\t\t\t\t<div class=\"elementor-element elementor-element-1af726da elementor-widget elementor-widget-heading\" data-id=\"1af726da\" data-element_type=\"widget\" data-e-type=\"widget\" data-widget_type=\"heading.default\">\n\t\t\t\t<div class=\"elementor-widget-container\">\n\t\t\t\t\t<h1 class=\"elementor-heading-title elementor-size-default\">Odalar\u0131m\u0131z<\/h1>\t\t\t\t<\/div>\n\t\t\t\t<\/div>\n\t\t\t\t\t<\/div>\n\t\t<\/div>\n\t\t\t\t\t<\/div>\n\t\t<\/section>\n\t\t<div class=\"elementor-element elementor-element-adb0399 e-flex e-con-boxed e-con e-parent\" data-id=\"adb0399\" data-element_type=\"container\" data-e-type=\"container\">\n\t\t\t\t\t<div class=\"e-con-inner\">\n\t\t\t\t<div class=\"elementor-element elementor-element-c4cc549 elementor-widget elementor-widget-html\" data-id=\"c4cc549\" data-element_type=\"widget\" data-e-type=\"widget\" data-widget_type=\"html.default\">\n\t\t\t\t<div class=\"elementor-widget-container\">\n\t\t\t\t\t<div align=center>\r\n<div id=\"hweb-widget-search-container\" data-domainname=\"voxmarisresort.booktoweb.com\" ><\/div> \r\n<script type=\"text\/javascript\" src=https:\/\/voxmarisresort.booktoweb.com\/widget\/widget-core.js?Lang=tr><\/script>\r\n<\/div>\t\t\t\t<\/div>\n\t\t\t\t<\/div>\n\t\t\t\t\t<\/div>\n\t\t\t\t<\/div>\n\t\t\t\t<section class=\"elementor-section elementor-top-section elementor-element elementor-element-abe91fb elementor-section-stretched elementor-section-boxed elementor-section-height-default elementor-section-height-default\" data-id=\"abe91fb\" data-element_type=\"section\" data-e-type=\"section\" data-settings=\"{&quot;background_background&quot;:&quot;classic&quot;,&quot;stretch_section&quot;:&quot;section-stretched&quot;}\">\n\t\t\t\t\t\t<div class=\"elementor-container elementor-column-gap-default\">\n\t\t\t\t\t<div class=\"elementor-column elementor-col-100 elementor-top-column elementor-element elementor-element-f12ee75\" data-id=\"f12ee75\" data-element_type=\"column\" data-e-type=\"column\">\n\t\t\t<div class=\"elementor-widget-wrap elementor-element-populated\">\n\t\t\t\t\t\t<section class=\"elementor-section elementor-inner-section elementor-element elementor-element-5e266c0 elementor-section-full_width elementor-section-height-default elementor-section-height-default\" data-id=\"5e266c0\" data-element_type=\"section\" data-e-type=\"section\">\n\t\t\t\t\t\t<div class=\"elementor-container elementor-column-gap-default\">\n\t\t\t\t\t<div class=\"elementor-column elementor-col-100 elementor-inner-column elementor-element elementor-element-85ed405\" data-id=\"85ed405\" data-element_type=\"column\" data-e-type=\"column\">\n\t\t\t<div class=\"elementor-widget-wrap elementor-element-populated\">\n\t\t\t\t\t\t<div class=\"elementor-element elementor-element-9bb5ea8 elementor-widget elementor-widget-heading\" data-id=\"9bb5ea8\" data-element_type=\"widget\" data-e-type=\"widget\" data-widget_type=\"heading.default\">\n\t\t\t\t<div class=\"elementor-widget-container\">\n\t\t\t\t\t<h4 class=\"elementor-heading-title elementor-size-default\">Odalar\u0131m\u0131z modern dekorasyonu ile keyifli bir konaklaman\u0131n ve huzurlu bir uykunun garantisidir.\n\nT\u00fcm odalar\u0131m\u0131z modern bir \u015fekilde d\u00f6\u015fenmi\u015ftir ve a\u015fa\u011f\u0131daki standartlara sahiptir: Du\u015flu ve tuvaletli banyo, klima, telefon, LCD TV-uydu yay\u0131n\u0131, m\u00fczik yay\u0131n\u0131, kablosuz internet, sa\u00e7 kurutma makinesi, bornoz ve terlik, bak\u0131m \u00fcr\u00fcnleri, makyaj aynas\u0131, balkon, minibar, kasa, laminat zemin, ayr\u0131ca \u00e7ay ve kahve i\u00e7in su \u0131s\u0131t\u0131c\u0131.<\/h4>\t\t\t\t<\/div>\n\t\t\t\t<\/div>\n\t\t\t\t\t<\/div>\n\t\t<\/div>\n\t\t\t\t\t<\/div>\n\t\t<\/section>\n\t\t\t\t\t<\/div>\n\t\t<\/div>\n\t\t\t\t\t<\/div>\n\t\t<\/section>\n\t\t\t\t<section class=\"elementor-section elementor-top-section elementor-element elementor-element-f316325 elementor-section-stretched elementor-section-boxed elementor-section-height-default elementor-section-height-default\" data-id=\"f316325\" data-element_type=\"section\" data-e-type=\"section\" data-settings=\"{&quot;stretch_section&quot;:&quot;section-stretched&quot;,&quot;background_background&quot;:&quot;classic&quot;}\">\n\t\t\t\t\t\t<div class=\"elementor-container elementor-column-gap-default\">\n\t\t\t\t\t<div class=\"elementor-column elementor-col-100 elementor-top-column elementor-element elementor-element-a7d88b4\" data-id=\"a7d88b4\" data-element_type=\"column\" data-e-type=\"column\">\n\t\t\t<div class=\"elementor-widget-wrap elementor-element-populated\">\n\t\t\t\t\t\t<div class=\"elementor-element elementor-element-ad9cf31 elementor--h-position-center elementor--v-position-middle elementor-arrows-position-inside elementor-pagination-position-inside elementor-widget elementor-widget-slides\" data-id=\"ad9cf31\" data-element_type=\"widget\" data-e-type=\"widget\" data-settings=\"{&quot;navigation&quot;:&quot;both&quot;,&quot;autoplay&quot;:&quot;yes&quot;,&quot;pause_on_hover&quot;:&quot;yes&quot;,&quot;pause_on_interaction&quot;:&quot;yes&quot;,&quot;autoplay_speed&quot;:5000,&quot;infinite&quot;:&quot;yes&quot;,&quot;transition&quot;:&quot;slide&quot;,&quot;transition_speed&quot;:500}\" data-widget_type=\"slides.default\">\n\t\t\t\t<div class=\"elementor-widget-container\">\n\t\t\t\t\t\t\t\t\t<div class=\"elementor-swiper\">\n\t\t\t\t\t<div class=\"elementor-slides-wrapper elementor-main-swiper swiper\" role=\"region\" aria-roledescription=\"carousel\" aria-label=\"Slides\" dir=\"ltr\" data-animation=\"fadeInUp\">\n\t\t\t\t<div class=\"swiper-wrapper elementor-slides\">\n\t\t\t\t\t\t\t\t\t\t<div class=\"elementor-repeater-item-905ec5b swiper-slide\" role=\"group\" aria-roledescription=\"slide\"><div class=\"swiper-slide-bg\" role=\"img\" aria-label=\"SWIMM UP ROOM1\"><\/div><div class=\"swiper-slide-inner\" ><div class=\"swiper-slide-contents\"><\/div><\/div><\/div><div class=\"elementor-repeater-item-e69f4fb swiper-slide\" role=\"group\" aria-roledescription=\"slide\"><div class=\"swiper-slide-bg\" role=\"img\" aria-label=\"SWIMM UP ROOM3\"><\/div><div class=\"swiper-slide-inner\" ><div class=\"swiper-slide-contents\"><\/div><\/div><\/div><div class=\"elementor-repeater-item-fcf2151 swiper-slide\" role=\"group\" aria-roledescription=\"slide\"><div class=\"swiper-slide-bg\" role=\"img\" aria-label=\"BALKONY1\"><\/div><div class=\"swiper-slide-inner\" ><div class=\"swiper-slide-contents\"><\/div><\/div><\/div><div class=\"elementor-repeater-item-a04c24c swiper-slide\" role=\"group\" aria-roledescription=\"slide\"><div class=\"swiper-slide-bg\" role=\"img\" aria-label=\"FAMILY ROOM1\"><\/div><div class=\"swiper-slide-inner\" ><div class=\"swiper-slide-contents\"><\/div><\/div><\/div>\t\t\t\t<\/div>\n\t\t\t\t\t\t\t\t\t\t\t\t\t\t\t<div class=\"elementor-swiper-button elementor-swiper-button-prev\" role=\"button\" tabindex=\"0\" aria-label=\"Previous slide\">\n\t\t\t\t\t\t\t<svg aria-hidden=\"true\" class=\"e-font-icon-svg e-eicon-chevron-left\" viewBox=\"0 0 1000 1000\" xmlns=\"http:\/\/www.w3.org\/2000\/svg\"><path d=\"M646 125C629 125 613 133 604 142L308 442C296 454 292 471 292 487 292 504 296 521 308 533L604 854C617 867 629 875 646 875 663 875 679 871 692 858 704 846 713 829 713 812 713 796 708 779 692 767L438 487 692 225C700 217 708 204 708 187 708 171 704 154 692 142 675 129 663 125 646 125Z\"><\/path><\/svg>\t\t\t\t\t\t<\/div>\n\t\t\t\t\t\t<div class=\"elementor-swiper-button elementor-swiper-button-next\" role=\"button\" tabindex=\"0\" aria-label=\"Next slide\">\n\t\t\t\t\t\t\t<svg aria-hidden=\"true\" class=\"e-font-icon-svg e-eicon-chevron-right\" viewBox=\"0 0 1000 1000\" xmlns=\"http:\/\/www.w3.org\/2000\/svg\"><path d=\"M696 533C708 521 713 504 713 487 713 471 708 454 696 446L400 146C388 133 375 125 354 125 338 125 325 129 313 142 300 154 292 171 292 187 292 204 296 221 308 233L563 492 304 771C292 783 288 800 288 817 288 833 296 850 308 863 321 871 338 875 354 875 371 875 388 867 400 854L696 533Z\"><\/path><\/svg>\t\t\t\t\t\t<\/div>\n\t\t\t\t\t\t\t\t\t\t\t\t\t\t\t\t<div class=\"swiper-pagination\"><\/div>\n\t\t\t\t\t\t\t\t\t\t\t\t<\/div>\n\t\t\t\t<\/div>\n\t\t\t\t\t\t\t\t<\/div>\n\t\t\t\t<\/div>\n\t\t\t\t\t<\/div>\n\t\t<\/div>\n\t\t\t\t\t<\/div>\n\t\t<\/section>\n\t\t<div class=\"elementor-element elementor-element-3f3aa078 e-flex e-con-boxed e-con e-parent\" data-id=\"3f3aa078\" data-element_type=\"container\" data-e-type=\"container\" data-settings=\"{&quot;background_background&quot;:&quot;classic&quot;}\">\n\t\t\t\t\t<div class=\"e-con-inner\">\n\t\t\t\t<div class=\"elementor-element elementor-element-2ed0093e elementor-widget elementor-widget-image\" data-id=\"2ed0093e\" data-element_type=\"widget\" data-e-type=\"widget\" data-widget_type=\"image.default\">\n\t\t\t\t<div class=\"elementor-widget-container\">\n\t\t\t\t\t\t\t\t\t\t\t\t\t\t\t<img fetchpriority=\"high\" decoding=\"async\" width=\"1024\" height=\"683\" src=\"https:\/\/voxmarisresort.com\/wp-content\/uploads\/2024\/07\/STD-DBL-ROOM2-1024x683.webp\" class=\"attachment-large size-large wp-image-10507\" alt=\"\" srcset=\"https:\/\/voxmarisresort.com\/wp-content\/uploads\/2024\/07\/STD-DBL-ROOM2-1024x683.webp 1024w, https:\/\/voxmarisresort.com\/wp-content\/uploads\/2024\/07\/STD-DBL-ROOM2-300x200.webp 300w, https:\/\/voxmarisresort.com\/wp-content\/uploads\/2024\/07\/STD-DBL-ROOM2-768x512.webp 768w, https:\/\/voxmarisresort.com\/wp-content\/uploads\/2024\/07\/STD-DBL-ROOM2-1536x1025.webp 1536w, https:\/\/voxmarisresort.com\/wp-content\/uploads\/2024\/07\/STD-DBL-ROOM2.webp 1619w\" sizes=\"(max-width: 1024px) 100vw, 1024px\" \/>\t\t\t\t\t\t\t\t\t\t\t\t\t\t\t<\/div>\n\t\t\t\t<\/div>\n\t\t<div class=\"elementor-element elementor-element-9399697 e-con-full e-flex e-con e-child\" data-id=\"9399697\" data-element_type=\"container\" data-e-type=\"container\">\n\t\t\t\t<div class=\"elementor-element elementor-element-6ef51b7 elementor-widget elementor-widget-text-editor\" data-id=\"6ef51b7\" data-element_type=\"widget\" data-e-type=\"widget\" data-widget_type=\"text-editor.default\">\n\t\t\t\t<div class=\"elementor-widget-container\">\n\t\t\t\t\t\t\t\t\t<h2><span style=\"color: #ffffff;\">Standart Oda<\/span><\/h2><ul><li>30 m2<\/li><li>1 Double + 1 Single Yatak<\/li><li>Sa\u00e7 Kurutma Makinesi<\/li><li>VRF Klima<\/li><li>\u00c7ay &amp; Kahve Seti<\/li><li>Balkon<\/li><li>Mini Bar<\/li><li>Dijital Emanet Kasas\u0131<\/li><li>Led\/Uydu-TV<\/li><li>Wi-Fi<\/li><li>Telefon<\/li><li>Banyo (Du\u015f \/ WC \/ Bask\u00fcl)<\/li><li>Terlik<\/li><li>M\u00fczik yay\u0131n\u0131<\/li><li>Bornoz<\/li><\/ul>\t\t\t\t\t\t\t\t<\/div>\n\t\t\t\t<\/div>\n\t\t\t\t<\/div>\n\t\t\t\t\t<\/div>\n\t\t\t\t<\/div>\n\t\t<div class=\"elementor-element elementor-element-8d18878 e-flex e-con-boxed e-con e-parent\" data-id=\"8d18878\" data-element_type=\"container\" data-e-type=\"container\">\n\t\t\t\t\t<div class=\"e-con-inner\">\n\t\t\t\t<div class=\"elementor-element elementor-element-3691326 elementor-widget elementor-widget-spacer\" data-id=\"3691326\" data-element_type=\"widget\" data-e-type=\"widget\" data-widget_type=\"spacer.default\">\n\t\t\t\t<div class=\"elementor-widget-container\">\n\t\t\t\t\t\t\t<div class=\"elementor-spacer\">\n\t\t\t<div class=\"elementor-spacer-inner\"><\/div>\n\t\t<\/div>\n\t\t\t\t\t\t<\/div>\n\t\t\t\t<\/div>\n\t\t\t\t\t<\/div>\n\t\t\t\t<\/div>\n\t\t<div class=\"elementor-element elementor-element-3f635b9 e-con-full e-flex e-con e-parent\" data-id=\"3f635b9\" data-element_type=\"container\" data-e-type=\"container\" data-settings=\"{&quot;background_background&quot;:&quot;classic&quot;}\">\n\t\t<div class=\"elementor-element elementor-element-b15f4f3 e-con-full e-flex e-con e-child\" data-id=\"b15f4f3\" data-element_type=\"container\" data-e-type=\"container\">\n\t\t\t\t<div class=\"elementor-element elementor-element-0ba49f5 elementor-widget elementor-widget-text-editor\" data-id=\"0ba49f5\" data-element_type=\"widget\" data-e-type=\"widget\" data-widget_type=\"text-editor.default\">\n\t\t\t\t<div class=\"elementor-widget-container\">\n\t\t\t\t\t\t\t\t\t<h2><span style=\"color: #ffffff;\">Swimm-Up Oda<\/span><\/h2><ul><li>25 m2<\/li><li>Bir Double Yatak<\/li><li>Sa\u00e7 Kurutma Makinesi<\/li><li>VRF Klima<\/li><li>\u00c7ay &amp; Kahve Seti<\/li><li>\u015eezlonglu Teras<\/li><li>Mini Bar<\/li><li>Dijital Emanet Kasas\u0131<\/li><li>Led\/Uydu-TV<\/li><li>Wi-Fi<\/li><li>Telefon<\/li><li>Banyo (Du\u015f \/ WC \/ Bask\u00fcl)<\/li><li>Terlik<\/li><li>M\u00fczik yay\u0131n\u0131<\/li><li>Bornoz<\/li><\/ul>\t\t\t\t\t\t\t\t<\/div>\n\t\t\t\t<\/div>\n\t\t\t\t<\/div>\n\t\t\t\t<div class=\"elementor-element elementor-element-1251e2f elementor-widget elementor-widget-image\" data-id=\"1251e2f\" data-element_type=\"widget\" data-e-type=\"widget\" data-widget_type=\"image.default\">\n\t\t\t\t<div class=\"elementor-widget-container\">\n\t\t\t\t\t\t\t\t\t\t\t\t\t\t\t<img decoding=\"async\" width=\"1024\" height=\"683\" src=\"https:\/\/voxmarisresort.com\/wp-content\/uploads\/2024\/07\/SWIMM-UP-ROOM1-1-1024x683.webp\" class=\"attachment-large size-large wp-image-10485\" alt=\"\" srcset=\"https:\/\/voxmarisresort.com\/wp-content\/uploads\/2024\/07\/SWIMM-UP-ROOM1-1-1024x683.webp 1024w, https:\/\/voxmarisresort.com\/wp-content\/uploads\/2024\/07\/SWIMM-UP-ROOM1-1-300x200.webp 300w, https:\/\/voxmarisresort.com\/wp-content\/uploads\/2024\/07\/SWIMM-UP-ROOM1-1-768x512.webp 768w, https:\/\/voxmarisresort.com\/wp-content\/uploads\/2024\/07\/SWIMM-UP-ROOM1-1-1536x1025.webp 1536w, https:\/\/voxmarisresort.com\/wp-content\/uploads\/2024\/07\/SWIMM-UP-ROOM1-1.webp 1619w\" sizes=\"(max-width: 1024px) 100vw, 1024px\" \/>\t\t\t\t\t\t\t\t\t\t\t\t\t\t\t<\/div>\n\t\t\t\t<\/div>\n\t\t\t\t<\/div>\n\t\t<div class=\"elementor-element elementor-element-e29f376 e-flex e-con-boxed e-con e-parent\" data-id=\"e29f376\" data-element_type=\"container\" data-e-type=\"container\">\n\t\t\t\t\t<div class=\"e-con-inner\">\n\t\t\t\t<div class=\"elementor-element elementor-element-b701dca elementor-widget elementor-widget-spacer\" data-id=\"b701dca\" data-element_type=\"widget\" data-e-type=\"widget\" data-widget_type=\"spacer.default\">\n\t\t\t\t<div class=\"elementor-widget-container\">\n\t\t\t\t\t\t\t<div class=\"elementor-spacer\">\n\t\t\t<div class=\"elementor-spacer-inner\"><\/div>\n\t\t<\/div>\n\t\t\t\t\t\t<\/div>\n\t\t\t\t<\/div>\n\t\t\t\t\t<\/div>\n\t\t\t\t<\/div>\n\t\t<div class=\"elementor-element elementor-element-212c650 e-con-full e-flex e-con e-parent\" data-id=\"212c650\" data-element_type=\"container\" data-e-type=\"container\" data-settings=\"{&quot;background_background&quot;:&quot;classic&quot;}\">\n\t\t\t\t<div class=\"elementor-element elementor-element-205394d elementor-widget elementor-widget-image\" data-id=\"205394d\" data-element_type=\"widget\" data-e-type=\"widget\" data-widget_type=\"image.default\">\n\t\t\t\t<div class=\"elementor-widget-container\">\n\t\t\t\t\t\t\t\t\t\t\t\t\t\t\t<img decoding=\"async\" width=\"1024\" height=\"683\" src=\"https:\/\/voxmarisresort.com\/wp-content\/uploads\/2024\/07\/FAMILY-ROOM1-1-1024x683.webp\" class=\"attachment-large size-large wp-image-10519\" alt=\"\" srcset=\"https:\/\/voxmarisresort.com\/wp-content\/uploads\/2024\/07\/FAMILY-ROOM1-1-1024x683.webp 1024w, https:\/\/voxmarisresort.com\/wp-content\/uploads\/2024\/07\/FAMILY-ROOM1-1-300x200.webp 300w, https:\/\/voxmarisresort.com\/wp-content\/uploads\/2024\/07\/FAMILY-ROOM1-1-768x512.webp 768w, https:\/\/voxmarisresort.com\/wp-content\/uploads\/2024\/07\/FAMILY-ROOM1-1-1536x1025.webp 1536w, https:\/\/voxmarisresort.com\/wp-content\/uploads\/2024\/07\/FAMILY-ROOM1-1.webp 1619w\" sizes=\"(max-width: 1024px) 100vw, 1024px\" \/>\t\t\t\t\t\t\t\t\t\t\t\t\t\t\t<\/div>\n\t\t\t\t<\/div>\n\t\t<div class=\"elementor-element elementor-element-0c69dc1 e-con-full e-flex e-con e-child\" data-id=\"0c69dc1\" data-element_type=\"container\" data-e-type=\"container\">\n\t\t\t\t<div class=\"elementor-element elementor-element-f45db1b elementor-widget elementor-widget-text-editor\" data-id=\"f45db1b\" data-element_type=\"widget\" data-e-type=\"widget\" data-widget_type=\"text-editor.default\">\n\t\t\t\t<div class=\"elementor-widget-container\">\n\t\t\t\t\t\t\t\t\t<h2><span style=\"color: #ffffff;\">Aile Odas\u0131<\/span><\/h2><ul><li>35 m2<\/li><li>\u0130ki Yatak Odas\u0131<\/li><li>1 Double + 3 Single Yatak<\/li><li>Sa\u00e7 Kurutma Makinesi<\/li><li>VRF Klima<\/li><li>Balkon<\/li><li>\u00c7ay &amp; Kahve Seti<\/li><li>Mini Bar<\/li><li>Dijital Emanet Kasas\u0131<\/li><li>Led \/ Uydu TV<\/li><li>Wi-Fi<\/li><li>Telefon<\/li><li>Banyo (Du\u015f \/ WC \/ Bask\u00fcl)<\/li><li>Terlik<\/li><li>Bornoz<\/li><li>M\u00fczik yay\u0131n\u0131<\/li><\/ul>\t\t\t\t\t\t\t\t<\/div>\n\t\t\t\t<\/div>\n\t\t\t\t<\/div>\n\t\t\t\t<\/div>\n\t\t<div class=\"elementor-element elementor-element-e5f19e6 e-flex e-con-boxed e-con e-parent\" data-id=\"e5f19e6\" data-element_type=\"container\" data-e-type=\"container\">\n\t\t\t\t\t<div class=\"e-con-inner\">\n\t\t\t\t<div class=\"elementor-element elementor-element-c784f3a elementor-widget elementor-widget-spacer\" data-id=\"c784f3a\" data-element_type=\"widget\" data-e-type=\"widget\" data-widget_type=\"spacer.default\">\n\t\t\t\t<div class=\"elementor-widget-container\">\n\t\t\t\t\t\t\t<div class=\"elementor-spacer\">\n\t\t\t<div class=\"elementor-spacer-inner\"><\/div>\n\t\t<\/div>\n\t\t\t\t\t\t<\/div>\n\t\t\t\t<\/div>\n\t\t\t\t\t<\/div>\n\t\t\t\t<\/div>\n\t\t<div class=\"elementor-element elementor-element-fef71d7 e-con-full e-flex e-con e-parent\" data-id=\"fef71d7\" data-element_type=\"container\" data-e-type=\"container\" data-settings=\"{&quot;background_background&quot;:&quot;classic&quot;}\">\n\t\t<div class=\"elementor-element elementor-element-c063872 e-con-full e-flex e-con e-child\" data-id=\"c063872\" data-element_type=\"container\" data-e-type=\"container\">\n\t\t\t\t<div class=\"elementor-element elementor-element-1ff02a4 elementor-widget elementor-widget-text-editor\" data-id=\"1ff02a4\" data-element_type=\"widget\" data-e-type=\"widget\" data-widget_type=\"text-editor.default\">\n\t\t\t\t<div class=\"elementor-widget-container\">\n\t\t\t\t\t\t\t\t\t<h2><span style=\"color: #ffffff;\">Jakuzi Oda<\/span><\/h2><ul><li>30 m2<\/li><li>1 Double Yatak<\/li><li>Balkonda Jakuzi<\/li><li>Sa\u00e7 Kurutma Makinesi<\/li><li>VRF Klima<\/li><li>\u00c7ay &amp; Kahve Seti<\/li><li>\u015eezlonglu Teras<\/li><li>Mini Bar<\/li><li>Dijital Emanet Kasas\u0131<\/li><li>Led\/Uydu-TV<\/li><li>Wi-Fi<\/li><li>Telefon<\/li><li>Banyo (Du\u015f \/ WC \/ Bask\u00fcl)<\/li><li>Terlik<\/li><li>M\u00fczik yay\u0131n\u0131<\/li><li>Bornoz<\/li><\/ul>\t\t\t\t\t\t\t\t<\/div>\n\t\t\t\t<\/div>\n\t\t\t\t<\/div>\n\t\t\t\t<div class=\"elementor-element elementor-element-eec1a06 elementor-widget elementor-widget-image\" data-id=\"eec1a06\" data-element_type=\"widget\" data-e-type=\"widget\" data-widget_type=\"image.default\">\n\t\t\t\t<div class=\"elementor-widget-container\">\n\t\t\t\t\t\t\t\t\t\t\t\t\t\t\t<img loading=\"lazy\" decoding=\"async\" width=\"1024\" height=\"645\" src=\"https:\/\/voxmarisresort.com\/wp-content\/uploads\/2024\/07\/JAKUZZY-ROOM1-1024x645.jpg\" class=\"attachment-large size-large wp-image-10592\" alt=\"\" srcset=\"https:\/\/voxmarisresort.com\/wp-content\/uploads\/2024\/07\/JAKUZZY-ROOM1-1024x645.jpg 1024w, https:\/\/voxmarisresort.com\/wp-content\/uploads\/2024\/07\/JAKUZZY-ROOM1-300x189.jpg 300w, https:\/\/voxmarisresort.com\/wp-content\/uploads\/2024\/07\/JAKUZZY-ROOM1-768x484.jpg 768w, https:\/\/voxmarisresort.com\/wp-content\/uploads\/2024\/07\/JAKUZZY-ROOM1-1536x967.jpg 1536w, https:\/\/voxmarisresort.com\/wp-content\/uploads\/2024\/07\/JAKUZZY-ROOM1.jpg 1715w\" sizes=\"(max-width: 1024px) 100vw, 1024px\" \/>\t\t\t\t\t\t\t\t\t\t\t\t\t\t\t<\/div>\n\t\t\t\t<\/div>\n\t\t\t\t<\/div>\n\t\t<div class=\"elementor-element elementor-element-f525805 e-flex e-con-boxed e-con e-parent\" data-id=\"f525805\" data-element_type=\"container\" data-e-type=\"container\">\n\t\t\t\t\t<div class=\"e-con-inner\">\n\t\t\t\t<div class=\"elementor-element elementor-element-c3ee1da elementor-widget elementor-widget-spacer\" data-id=\"c3ee1da\" data-element_type=\"widget\" data-e-type=\"widget\" data-widget_type=\"spacer.default\">\n\t\t\t\t<div class=\"elementor-widget-container\">\n\t\t\t\t\t\t\t<div class=\"elementor-spacer\">\n\t\t\t<div class=\"elementor-spacer-inner\"><\/div>\n\t\t<\/div>\n\t\t\t\t\t\t<\/div>\n\t\t\t\t<\/div>\n\t\t\t\t\t<\/div>\n\t\t\t\t<\/div>\n\t\t<div class=\"elementor-element elementor-element-7609ba2 e-con-full e-flex e-con e-parent\" data-id=\"7609ba2\" data-element_type=\"container\" data-e-type=\"container\" data-settings=\"{&quot;background_background&quot;:&quot;classic&quot;}\">\n\t\t\t\t<div class=\"elementor-element elementor-element-b6f740d elementor-widget elementor-widget-image\" data-id=\"b6f740d\" data-element_type=\"widget\" data-e-type=\"widget\" data-widget_type=\"image.default\">\n\t\t\t\t<div class=\"elementor-widget-container\">\n\t\t\t\t\t\t\t\t\t\t\t\t\t\t\t<img loading=\"lazy\" decoding=\"async\" width=\"1024\" height=\"683\" src=\"https:\/\/voxmarisresort.com\/wp-content\/uploads\/2024\/09\/room-disabled.jpg\" class=\"attachment-large size-large wp-image-10618\" alt=\"\" srcset=\"https:\/\/voxmarisresort.com\/wp-content\/uploads\/2024\/09\/room-disabled.jpg 1024w, https:\/\/voxmarisresort.com\/wp-content\/uploads\/2024\/09\/room-disabled-300x200.jpg 300w, https:\/\/voxmarisresort.com\/wp-content\/uploads\/2024\/09\/room-disabled-768x512.jpg 768w\" sizes=\"(max-width: 1024px) 100vw, 1024px\" \/>\t\t\t\t\t\t\t\t\t\t\t\t\t\t\t<\/div>\n\t\t\t\t<\/div>\n\t\t<div class=\"elementor-element elementor-element-724d756 e-con-full e-flex e-con e-child\" data-id=\"724d756\" data-element_type=\"container\" data-e-type=\"container\">\n\t\t\t\t<div class=\"elementor-element elementor-element-79e71d7 elementor-widget elementor-widget-text-editor\" data-id=\"79e71d7\" data-element_type=\"widget\" data-e-type=\"widget\" data-widget_type=\"text-editor.default\">\n\t\t\t\t<div class=\"elementor-widget-container\">\n\t\t\t\t\t\t\t\t\t<h2><span style=\"color: #ffffff;\">Engelli Odas\u0131<\/span><\/h2><ul><li>30m2<\/li><li>Bir Yatak Odas\u0131<\/li><li>Sa\u00e7 Kurutma Makinesi<\/li><li>VRF Klima<\/li><li>\u00c7ay &amp; Kahve Seti<\/li><li>\u015eezlonglu Teras<\/li><li>Mini Bar<\/li><li>Dijital Emanet Kasas\u0131<\/li><li>Led\/Uydu-TV<\/li><li>Wi-Fi<\/li><li>Telefon<\/li><li>Banyo (Du\u015f \/ WC \/ Bask\u00fcl)<\/li><li>Terlik<\/li><li>M\u00fczik Yay\u0131n\u0131<\/li><li>Bornoz<\/li><li>Acil durum zili<\/li><li>Asans\u00f6r sistemli ask\u0131l\u0131k<\/li><li>Yatak korkuluk kolu<\/li><\/ul>\t\t\t\t\t\t\t\t<\/div>\n\t\t\t\t<\/div>\n\t\t\t\t<\/div>\n\t\t\t\t<\/div>\n\t\t<div class=\"elementor-element elementor-element-0fec5ea e-flex e-con-boxed e-con e-parent\" data-id=\"0fec5ea\" data-element_type=\"container\" data-e-type=\"container\">\n\t\t\t\t\t<div class=\"e-con-inner\">\n\t\t\t\t<div class=\"elementor-element elementor-element-582a941 elementor-widget elementor-widget-spacer\" data-id=\"582a941\" data-element_type=\"widget\" data-e-type=\"widget\" data-widget_type=\"spacer.default\">\n\t\t\t\t<div class=\"elementor-widget-container\">\n\t\t\t\t\t\t\t<div class=\"elementor-spacer\">\n\t\t\t<div class=\"elementor-spacer-inner\"><\/div>\n\t\t<\/div>\n\t\t\t\t\t\t<\/div>\n\t\t\t\t<\/div>\n\t\t\t\t\t<\/div>\n\t\t\t\t<\/div>\n\t\t\t\t<\/div>\n\t\t","protected":false},"excerpt":{"rendered":"<p>Odalar\u0131m\u0131z Odalar\u0131m\u0131z modern dekorasyonu ile keyifli bir konaklaman\u0131n ve huzurlu bir uykunun garantisidir. T\u00fcm odalar\u0131m\u0131z modern bir \u015fekilde d\u00f6\u015fenmi\u015ftir ve a\u015fa\u011f\u0131daki standartlara sahiptir: Du\u015flu ve tuvaletli banyo, klima, telefon, LCD TV-uydu yay\u0131n\u0131, m\u00fczik yay\u0131n\u0131, kablosuz internet, sa\u00e7 kurutma makinesi, bornoz ve terlik, bak\u0131m \u00fcr\u00fcnleri, makyaj aynas\u0131, balkon, minibar, kasa, laminat zemin, ayr\u0131ca \u00e7ay ve kahve [&hellip;]<\/p>\n","protected":false},"author":1,"featured_media":0,"parent":0,"menu_order":0,"comment_status":"closed","ping_status":"closed","template":"","meta":{"footnotes":""},"class_list":["post-9965","page","type-page","status-publish","hentry"],"_links":{"self":[{"href":"https:\/\/voxmarisresort.com\/tr\/wp-json\/wp\/v2\/pages\/9965","targetHints":{"allow":["GET"]}}],"collection":[{"href":"https:\/\/voxmarisresort.com\/tr\/wp-json\/wp\/v2\/pages"}],"about":[{"href":"https:\/\/voxmarisresort.com\/tr\/wp-json\/wp\/v2\/types\/page"}],"author":[{"embeddable":true,"href":"https:\/\/voxmarisresort.com\/tr\/wp-json\/wp\/v2\/users\/1"}],"replies":[{"embeddable":true,"href":"https:\/\/voxmarisresort.com\/tr\/wp-json\/wp\/v2\/comments?post=9965"}],"version-history":[{"count":25,"href":"https:\/\/voxmarisresort.com\/tr\/wp-json\/wp\/v2\/pages\/9965\/revisions"}],"predecessor-version":[{"id":11426,"href":"https:\/\/voxmarisresort.com\/tr\/wp-json\/wp\/v2\/pages\/9965\/revisions\/11426"}],"wp:attachment":[{"href":"https:\/\/voxmarisresort.com\/tr\/wp-json\/wp\/v2\/media?parent=9965"}],"curies":[{"name":"wp","href":"https:\/\/api.w.org\/{rel}","templated":true}]}}