{"id":9952,"date":"2022-04-19T08:35:41","date_gmt":"2022-04-19T05:35:41","guid":{"rendered":"https:\/\/voxmarisresort.com\/header-tr\/"},"modified":"2024-07-01T14:48:46","modified_gmt":"2024-07-01T11:48:46","slug":"header-tr","status":"publish","type":"page","link":"https:\/\/voxmarisresort.com\/tr\/header-tr\/","title":{"rendered":"Header TR"},"content":{"rendered":"\t\t<div data-elementor-type=\"wp-page\" data-elementor-id=\"9952\" class=\"elementor elementor-9952 elementor-5346\" data-elementor-post-type=\"page\">\n\t\t\t\t\t\t<section class=\"elementor-section elementor-top-section elementor-element elementor-element-1ec7df9 elementor-section-stretched elementor-section-boxed elementor-section-height-default elementor-section-height-default\" data-id=\"1ec7df9\" data-element_type=\"section\" data-e-type=\"section\" data-settings=\"{&quot;stretch_section&quot;:&quot;section-stretched&quot;}\">\n\t\t\t\t\t\t<div class=\"elementor-container elementor-column-gap-default\">\n\t\t\t\t\t<div class=\"elementor-column elementor-col-100 elementor-top-column elementor-element elementor-element-48fd49b\" data-id=\"48fd49b\" data-element_type=\"column\" data-e-type=\"column\">\n\t\t\t<div class=\"elementor-widget-wrap elementor-element-populated\">\n\t\t\t\t\t\t<div class=\"elementor-element elementor-element-ab531f2 elementor-widget elementor-widget-customcss\" data-id=\"ab531f2\" data-element_type=\"widget\" data-e-type=\"widget\" data-widget_type=\"customcss.default\">\n\t\t\t\t<div class=\"elementor-widget-container\">\n\t\t\t\t\t<style type=\"text\/css\">#header_1_nav .menu &gt; li.current-menu-item &gt; a {color: #a3a3a3;}<\/style>\t\t\t\t<\/div>\n\t\t\t\t<\/div>\n\t\t\t\t\t<\/div>\n\t\t<\/div>\n\t\t\t\t\t<\/div>\n\t\t<\/section>\n\t\t\t\t<section class=\"elementor-section elementor-top-section elementor-element elementor-element-18a841b elementor-section-stretched elementor-section-content-middle elementor-section-boxed elementor-section-height-default elementor-section-height-default elementor-invisible\" data-id=\"18a841b\" data-element_type=\"section\" data-e-type=\"section\" id=\"header_1_nav\" data-settings=\"{&quot;stretch_section&quot;:&quot;section-stretched&quot;,&quot;background_background&quot;:&quot;classic&quot;,&quot;animation&quot;:&quot;fadeInDown&quot;,&quot;animation_delay&quot;:&quot;200&quot;}\">\n\t\t\t\t\t\t<div class=\"elementor-container elementor-column-gap-default\">\n\t\t\t\t\t<div class=\"elementor-column elementor-col-33 elementor-top-column elementor-element elementor-element-be55eff\" data-id=\"be55eff\" data-element_type=\"column\" data-e-type=\"column\">\n\t\t\t<div class=\"elementor-widget-wrap elementor-element-populated\">\n\t\t\t\t\t\t<div class=\"elementor-element elementor-element-40696cf elementor-widget elementor-widget-image\" data-id=\"40696cf\" data-element_type=\"widget\" data-e-type=\"widget\" data-widget_type=\"image.default\">\n\t\t\t\t<div class=\"elementor-widget-container\">\n\t\t\t\t\t\t\t\t\t\t\t\t\t\t\t\t<a href=\"https:\/\/voxmarisresort.com\/tr\/\">\n\t\t\t\t\t\t\t<img decoding=\"async\" src=\"https:\/\/voxmarisresort.com\/wp-content\/uploads\/elementor\/thumbs\/vox-maris-mavi-qj6tmy8h5jhmz1mts06yffi7dvety3v7wwvw7qyvq8.png\" title=\"vox-maris-mavi\" alt=\"vox-maris-mavi\" loading=\"lazy\" \/>\t\t\t\t\t\t\t\t<\/a>\n\t\t\t\t\t\t\t\t\t\t\t\t\t\t\t<\/div>\n\t\t\t\t<\/div>\n\t\t\t\t\t<\/div>\n\t\t<\/div>\n\t\t\t\t<div class=\"elementor-column elementor-col-33 elementor-top-column elementor-element elementor-element-720d61a\" data-id=\"720d61a\" data-element_type=\"column\" data-e-type=\"column\">\n\t\t\t<div class=\"elementor-widget-wrap elementor-element-populated\">\n\t\t\t\t\t\t<div class=\"elementor-element elementor-element-819f212 elementor-widget elementor-widget-navigation\" data-id=\"819f212\" data-element_type=\"widget\" data-e-type=\"widget\" data-widget_type=\"navigation.default\">\n\t\t\t\t<div class=\"elementor-widget-container\">\n\t\t\t\t\t\n\t\t<div class=\"nd_elements_section\">\n\t\t\t<div class=\"nd_elements_navigation_component\">\n\n\t\t\t\t<div class=\"menu-main-menu-turkish-container\"><ul id=\"menu-main-menu-turkish\" class=\"menu\"><li id=\"menu-item-9986\" class=\"menu-item menu-item-type-post_type menu-item-object-page menu-item-home menu-item-9986\"><a href=\"https:\/\/voxmarisresort.com\/tr\/\">Ana Sayfa<\/a><\/li>\n<li id=\"menu-item-9987\" class=\"menu-item menu-item-type-post_type menu-item-object-page menu-item-9987\"><a href=\"https:\/\/voxmarisresort.com\/tr\/hakkimizda\/\">Hakk\u0131m\u0131zda<\/a><\/li>\n<li id=\"menu-item-9988\" class=\"menu-item menu-item-type-post_type menu-item-object-page menu-item-9988\"><a href=\"https:\/\/voxmarisresort.com\/tr\/odalarimiz\/\">Odalar\u0131m\u0131z<\/a><\/li>\n<li id=\"menu-item-9989\" class=\"menu-item menu-item-type-post_type menu-item-object-page menu-item-9989\"><a href=\"https:\/\/voxmarisresort.com\/tr\/hizmetler\/\">Hizmetler<\/a><\/li>\n<li id=\"menu-item-9990\" class=\"menu-item menu-item-type-post_type menu-item-object-page menu-item-9990\"><a href=\"https:\/\/voxmarisresort.com\/tr\/eglence\/\">E\u011flence<\/a><\/li>\n<li id=\"menu-item-9991\" class=\"menu-item menu-item-type-post_type menu-item-object-page menu-item-9991\"><a href=\"https:\/\/voxmarisresort.com\/tr\/gastronomi\/\">Gastronomi<\/a><\/li>\n<li id=\"menu-item-9993\" class=\"menu-item menu-item-type-post_type menu-item-object-page menu-item-9993\"><a href=\"https:\/\/voxmarisresort.com\/tr\/foto-galeri\/\">Foto Galeri<\/a><\/li>\n<li id=\"menu-item-9992\" class=\"menu-item menu-item-type-post_type menu-item-object-page menu-item-9992\"><a href=\"https:\/\/voxmarisresort.com\/tr\/bize-ulasin\/\">Bize Ula\u015f\u0131n<\/a><\/li>\n<\/ul><\/div>\n\t\t\t\t\n\t\t\t\t<img decoding=\"async\" alt=\"open-navigation\" width=\"25\" class=\"nd_elements_open_navigation_sidebar_content\" src=\"https:\/\/voxmarisresort.com\/wp-content\/uploads\/2024\/02\/menu_icon_244496.svg\">\n\t\t\t\n\t\t\t<\/div>\n\t\t<\/div>\n\n\t\t<!--START menu responsive-->\n\t\t<div class=\"nd_elements_navigation_sidebar_content\">\n\n\t\t\t<img decoding=\"async\" alt=\"close-navigation\" width=\"25\" class=\"nd_elements_close_navigation_sidebar_content\" src=\"https:\/\/voxmarisresort.com\/wp-content\/plugins\/nd-elements\/widgets\/navigation\/img\/navigation-close.svg\">\n\n\t\t    <div class=\"nd_elements_navigation_sidebar\">\n\t\t        <div class=\"menu-main-menu-turkish-container\"><ul id=\"menu-main-menu-turkish-1\" class=\"menu\"><li class=\"menu-item menu-item-type-post_type menu-item-object-page menu-item-home menu-item-9986\"><a href=\"https:\/\/voxmarisresort.com\/tr\/\">Ana Sayfa<\/a><\/li>\n<li class=\"menu-item menu-item-type-post_type menu-item-object-page menu-item-9987\"><a href=\"https:\/\/voxmarisresort.com\/tr\/hakkimizda\/\">Hakk\u0131m\u0131zda<\/a><\/li>\n<li class=\"menu-item menu-item-type-post_type menu-item-object-page menu-item-9988\"><a href=\"https:\/\/voxmarisresort.com\/tr\/odalarimiz\/\">Odalar\u0131m\u0131z<\/a><\/li>\n<li class=\"menu-item menu-item-type-post_type menu-item-object-page menu-item-9989\"><a href=\"https:\/\/voxmarisresort.com\/tr\/hizmetler\/\">Hizmetler<\/a><\/li>\n<li class=\"menu-item menu-item-type-post_type menu-item-object-page menu-item-9990\"><a href=\"https:\/\/voxmarisresort.com\/tr\/eglence\/\">E\u011flence<\/a><\/li>\n<li class=\"menu-item menu-item-type-post_type menu-item-object-page menu-item-9991\"><a href=\"https:\/\/voxmarisresort.com\/tr\/gastronomi\/\">Gastronomi<\/a><\/li>\n<li class=\"menu-item menu-item-type-post_type menu-item-object-page menu-item-9993\"><a href=\"https:\/\/voxmarisresort.com\/tr\/foto-galeri\/\">Foto Galeri<\/a><\/li>\n<li class=\"menu-item menu-item-type-post_type menu-item-object-page menu-item-9992\"><a href=\"https:\/\/voxmarisresort.com\/tr\/bize-ulasin\/\">Bize Ula\u015f\u0131n<\/a><\/li>\n<\/ul><\/div>\n\t\t    <\/div>\n\n\t\t<\/div>\n\t\t<!--END menu responsive-->\n\t\t\t\t\t\t<\/div>\n\t\t\t\t<\/div>\n\t\t\t\t\t<\/div>\n\t\t<\/div>\n\t\t\t\t<div class=\"elementor-column elementor-col-33 elementor-top-column elementor-element elementor-element-1f935a3\" data-id=\"1f935a3\" data-element_type=\"column\" data-e-type=\"column\">\n\t\t\t<div class=\"elementor-widget-wrap elementor-element-populated\">\n\t\t\t\t<div class=\"elementor-element elementor-element-0737598 e-flex e-con-boxed e-con e-parent\" data-id=\"0737598\" data-element_type=\"container\" data-e-type=\"container\">\n\t\t\t\t\t<div class=\"e-con-inner\">\n\t\t\t\t<div class=\"elementor-element elementor-element-aab930f elementor-widget elementor-widget-text-editor\" data-id=\"aab930f\" data-element_type=\"widget\" data-e-type=\"widget\" data-widget_type=\"text-editor.default\">\n\t\t\t\t<div class=\"elementor-widget-container\">\n\t\t\t\t\t\t\t\t\t<p><a href=\"https:\/\/voxmarisresort.com\/tr\"><img decoding=\"async\" class=\"wp-image-8228 alignleft\" src=\"https:\/\/voxmarisresort.com\/wp-content\/uploads\/2024\/02\/tr.png\" alt=\"\" width=\"24\" height=\"24\" \/><\/a><a href=\"https:\/\/voxmarisresort.com\/\"><img decoding=\"async\" class=\"wp-image-8229 alignleft\" src=\"https:\/\/voxmarisresort.com\/wp-content\/uploads\/2024\/02\/en.png\" alt=\"\" width=\"24\" height=\"24\" \/><\/a><a href=\"https:\/\/voxmarisresort.com\/de\"><img decoding=\"async\" class=\"wp-image-8230 alignleft\" src=\"https:\/\/voxmarisresort.com\/wp-content\/uploads\/2024\/02\/de.png\" alt=\"\" width=\"24\" height=\"24\" \/><\/a><\/p>\t\t\t\t\t\t\t\t<\/div>\n\t\t\t\t<\/div>\n\t\t\t\t\t<\/div>\n\t\t\t\t<\/div>\n\t\t\t\t\t<\/div>\n\t\t<\/div>\n\t\t\t\t\t<\/div>\n\t\t<\/section>\n\t\t\t\t<\/div>\n\t\t","protected":false},"excerpt":{"rendered":"<p>ANA SAYFA HAKKIMIZDA ODALAR Hizmetler E\u011flence Gastronomi Foto Galeri Bize Ula\u015f\u0131n ANA SAYFA HAKKIMIZDA ODALAR Hizmetler E\u011flence Gastronomi Foto Galeri Bize Ula\u015f\u0131n<\/p>\n","protected":false},"author":1,"featured_media":0,"parent":0,"menu_order":0,"comment_status":"closed","ping_status":"closed","template":"","meta":{"footnotes":""},"class_list":["post-9952","page","type-page","status-publish","hentry"],"_links":{"self":[{"href":"https:\/\/voxmarisresort.com\/tr\/wp-json\/wp\/v2\/pages\/9952","targetHints":{"allow":["GET"]}}],"collection":[{"href":"https:\/\/voxmarisresort.com\/tr\/wp-json\/wp\/v2\/pages"}],"about":[{"href":"https:\/\/voxmarisresort.com\/tr\/wp-json\/wp\/v2\/types\/page"}],"author":[{"embeddable":true,"href":"https:\/\/voxmarisresort.com\/tr\/wp-json\/wp\/v2\/users\/1"}],"replies":[{"embeddable":true,"href":"https:\/\/voxmarisresort.com\/tr\/wp-json\/wp\/v2\/comments?post=9952"}],"version-history":[{"count":7,"href":"https:\/\/voxmarisresort.com\/tr\/wp-json\/wp\/v2\/pages\/9952\/revisions"}],"predecessor-version":[{"id":10174,"href":"https:\/\/voxmarisresort.com\/tr\/wp-json\/wp\/v2\/pages\/9952\/revisions\/10174"}],"wp:attachment":[{"href":"https:\/\/voxmarisresort.com\/tr\/wp-json\/wp\/v2\/media?parent=9952"}],"curies":[{"name":"wp","href":"https:\/\/api.w.org\/{rel}","templated":true}]}}