{"id":9817,"date":"2022-04-19T12:37:10","date_gmt":"2022-04-19T09:37:10","guid":{"rendered":"https:\/\/voxmarisresort.com\/zimmer\/"},"modified":"2025-12-27T22:17:07","modified_gmt":"2025-12-27T19:17:07","slug":"zimmer","status":"publish","type":"page","link":"https:\/\/voxmarisresort.com\/de\/zimmer\/","title":{"rendered":"Zimmer"},"content":{"rendered":"\t\t<div data-elementor-type=\"wp-page\" data-elementor-id=\"9817\" class=\"elementor elementor-9817 elementor-5686\" data-elementor-post-type=\"page\">\n\t\t\t\t\t\t<section class=\"elementor-section elementor-top-section elementor-element elementor-element-589f89f9 elementor-section-stretched elementor-section-content-middle elementor-section-boxed elementor-section-height-default elementor-section-height-default\" data-id=\"589f89f9\" data-element_type=\"section\" data-e-type=\"section\" data-settings=\"{&quot;stretch_section&quot;:&quot;section-stretched&quot;,&quot;background_background&quot;:&quot;classic&quot;}\">\n\t\t\t\t\t\t\t<div class=\"elementor-background-overlay\"><\/div>\n\t\t\t\t\t\t\t<div class=\"elementor-container elementor-column-gap-default\">\n\t\t\t\t\t<div class=\"elementor-column elementor-col-100 elementor-top-column elementor-element elementor-element-7410219b\" data-id=\"7410219b\" data-element_type=\"column\" data-e-type=\"column\">\n\t\t\t<div class=\"elementor-widget-wrap elementor-element-populated\">\n\t\t\t\t\t\t<div class=\"elementor-element elementor-element-1af726da elementor-widget elementor-widget-heading\" data-id=\"1af726da\" data-element_type=\"widget\" data-e-type=\"widget\" data-widget_type=\"heading.default\">\n\t\t\t\t<div class=\"elementor-widget-container\">\n\t\t\t\t\t<h1 class=\"elementor-heading-title elementor-size-default\">Unsere Zimmer<\/h1>\t\t\t\t<\/div>\n\t\t\t\t<\/div>\n\t\t\t\t\t<\/div>\n\t\t<\/div>\n\t\t\t\t\t<\/div>\n\t\t<\/section>\n\t\t<div class=\"elementor-element elementor-element-feba62d e-flex e-con-boxed e-con e-parent\" data-id=\"feba62d\" data-element_type=\"container\" data-e-type=\"container\">\n\t\t\t\t\t<div class=\"e-con-inner\">\n\t\t\t\t<div class=\"elementor-element elementor-element-2c94a11 elementor-widget elementor-widget-html\" data-id=\"2c94a11\" data-element_type=\"widget\" data-e-type=\"widget\" data-widget_type=\"html.default\">\n\t\t\t\t<div class=\"elementor-widget-container\">\n\t\t\t\t\t<div align=center>\r\n<div id=\"hweb-widget-search-container\" data-domainname=\"voxmarisresort.booktoweb.com\" ><\/div> \r\n<script type=\"text\/javascript\" src=https:\/\/voxmarisresort.booktoweb.com\/widget\/widget-core.js?Lang=de><\/script>\r\n<\/div>\t\t\t\t<\/div>\n\t\t\t\t<\/div>\n\t\t\t\t\t<\/div>\n\t\t\t\t<\/div>\n\t\t\t\t<section class=\"elementor-section elementor-top-section elementor-element elementor-element-abe91fb elementor-section-stretched elementor-section-boxed elementor-section-height-default elementor-section-height-default\" data-id=\"abe91fb\" data-element_type=\"section\" data-e-type=\"section\" data-settings=\"{&quot;background_background&quot;:&quot;classic&quot;,&quot;stretch_section&quot;:&quot;section-stretched&quot;}\">\n\t\t\t\t\t\t<div class=\"elementor-container elementor-column-gap-default\">\n\t\t\t\t\t<div class=\"elementor-column elementor-col-100 elementor-top-column elementor-element elementor-element-f12ee75\" data-id=\"f12ee75\" data-element_type=\"column\" data-e-type=\"column\">\n\t\t\t<div class=\"elementor-widget-wrap elementor-element-populated\">\n\t\t\t\t\t\t<section class=\"elementor-section elementor-inner-section elementor-element elementor-element-5e266c0 elementor-section-full_width elementor-section-height-default elementor-section-height-default\" data-id=\"5e266c0\" data-element_type=\"section\" data-e-type=\"section\">\n\t\t\t\t\t\t<div class=\"elementor-container elementor-column-gap-default\">\n\t\t\t\t\t<div class=\"elementor-column elementor-col-100 elementor-inner-column elementor-element elementor-element-85ed405\" data-id=\"85ed405\" data-element_type=\"column\" data-e-type=\"column\">\n\t\t\t<div class=\"elementor-widget-wrap elementor-element-populated\">\n\t\t\t\t\t\t<div class=\"elementor-element elementor-element-9bb5ea8 elementor-widget elementor-widget-heading\" data-id=\"9bb5ea8\" data-element_type=\"widget\" data-e-type=\"widget\" data-widget_type=\"heading.default\">\n\t\t\t\t<div class=\"elementor-widget-container\">\n\t\t\t\t\t<h4 class=\"elementor-heading-title elementor-size-default\">Mit ihrer modernen Einrichtung garantieren unsere Zimmer einen angenehmen Aufenthalt und einen erholsamen Schlaf. Alle unsere Zimmer sind modern eingerichtet und verf\u00fcgen \u00fcber die folgenden Standards: Bad mit Dusche &amp; WC, Klimaanlage, Telefon, LCD-TV-Satelliten\u00fcbertragung, Musik\u00fcbertragung, drahtloser Internetzugang, Haartrockner, Badem\u00e4ntel &amp; Hausschuhe, Pflegeprodukte, Kosmetikspiegel, Balkon, Minibar, Safe, Laminatboden, sowie einen Wasserkocher f\u00fcr Tee und Kaffee.<br><br><\/h4>\t\t\t\t<\/div>\n\t\t\t\t<\/div>\n\t\t\t\t\t<\/div>\n\t\t<\/div>\n\t\t\t\t\t<\/div>\n\t\t<\/section>\n\t\t\t\t\t<\/div>\n\t\t<\/div>\n\t\t\t\t\t<\/div>\n\t\t<\/section>\n\t\t\t\t<section class=\"elementor-section elementor-top-section elementor-element elementor-element-f316325 elementor-section-stretched elementor-section-boxed elementor-section-height-default elementor-section-height-default\" data-id=\"f316325\" data-element_type=\"section\" data-e-type=\"section\" data-settings=\"{&quot;stretch_section&quot;:&quot;section-stretched&quot;,&quot;background_background&quot;:&quot;classic&quot;}\">\n\t\t\t\t\t\t<div class=\"elementor-container elementor-column-gap-default\">\n\t\t\t\t\t<div class=\"elementor-column elementor-col-100 elementor-top-column elementor-element elementor-element-a7d88b4\" data-id=\"a7d88b4\" data-element_type=\"column\" data-e-type=\"column\">\n\t\t\t<div class=\"elementor-widget-wrap elementor-element-populated\">\n\t\t\t\t\t\t<div class=\"elementor-element elementor-element-ad9cf31 elementor--h-position-center elementor--v-position-middle elementor-arrows-position-inside elementor-pagination-position-inside elementor-widget elementor-widget-slides\" data-id=\"ad9cf31\" data-element_type=\"widget\" data-e-type=\"widget\" data-settings=\"{&quot;navigation&quot;:&quot;both&quot;,&quot;autoplay&quot;:&quot;yes&quot;,&quot;pause_on_hover&quot;:&quot;yes&quot;,&quot;pause_on_interaction&quot;:&quot;yes&quot;,&quot;autoplay_speed&quot;:5000,&quot;infinite&quot;:&quot;yes&quot;,&quot;transition&quot;:&quot;slide&quot;,&quot;transition_speed&quot;:500}\" data-widget_type=\"slides.default\">\n\t\t\t\t<div class=\"elementor-widget-container\">\n\t\t\t\t\t\t\t\t\t<div class=\"elementor-swiper\">\n\t\t\t\t\t<div class=\"elementor-slides-wrapper elementor-main-swiper swiper\" role=\"region\" aria-roledescription=\"carousel\" aria-label=\"Slider\" dir=\"ltr\" data-animation=\"fadeInUp\">\n\t\t\t\t<div class=\"swiper-wrapper elementor-slides\">\n\t\t\t\t\t\t\t\t\t\t<div class=\"elementor-repeater-item-905ec5b swiper-slide\" role=\"group\" aria-roledescription=\"slide\"><div class=\"swiper-slide-bg\" role=\"img\" aria-label=\"SWIMM UP ROOM1\"><\/div><div class=\"swiper-slide-inner\" ><div class=\"swiper-slide-contents\"><\/div><\/div><\/div><div class=\"elementor-repeater-item-e69f4fb swiper-slide\" role=\"group\" aria-roledescription=\"slide\"><div class=\"swiper-slide-bg\" role=\"img\" aria-label=\"SWIMM UP ROOM3\"><\/div><div class=\"swiper-slide-inner\" ><div class=\"swiper-slide-contents\"><\/div><\/div><\/div><div class=\"elementor-repeater-item-fcf2151 swiper-slide\" role=\"group\" aria-roledescription=\"slide\"><div class=\"swiper-slide-bg\" role=\"img\" aria-label=\"BALKONY1\"><\/div><div class=\"swiper-slide-inner\" ><div class=\"swiper-slide-contents\"><\/div><\/div><\/div><div class=\"elementor-repeater-item-a04c24c swiper-slide\" role=\"group\" aria-roledescription=\"slide\"><div class=\"swiper-slide-bg\" role=\"img\" aria-label=\"FAMILY ROOM1\"><\/div><div class=\"swiper-slide-inner\" ><div class=\"swiper-slide-contents\"><\/div><\/div><\/div>\t\t\t\t<\/div>\n\t\t\t\t\t\t\t\t\t\t\t\t\t\t\t<div class=\"elementor-swiper-button elementor-swiper-button-prev\" role=\"button\" tabindex=\"0\" aria-label=\"Vorheriger Slide\">\n\t\t\t\t\t\t\t<svg aria-hidden=\"true\" class=\"e-font-icon-svg e-eicon-chevron-left\" viewBox=\"0 0 1000 1000\" xmlns=\"http:\/\/www.w3.org\/2000\/svg\"><path d=\"M646 125C629 125 613 133 604 142L308 442C296 454 292 471 292 487 292 504 296 521 308 533L604 854C617 867 629 875 646 875 663 875 679 871 692 858 704 846 713 829 713 812 713 796 708 779 692 767L438 487 692 225C700 217 708 204 708 187 708 171 704 154 692 142 675 129 663 125 646 125Z\"><\/path><\/svg>\t\t\t\t\t\t<\/div>\n\t\t\t\t\t\t<div class=\"elementor-swiper-button elementor-swiper-button-next\" role=\"button\" tabindex=\"0\" aria-label=\"N\u00e4chster Slide\">\n\t\t\t\t\t\t\t<svg aria-hidden=\"true\" class=\"e-font-icon-svg e-eicon-chevron-right\" viewBox=\"0 0 1000 1000\" xmlns=\"http:\/\/www.w3.org\/2000\/svg\"><path d=\"M696 533C708 521 713 504 713 487 713 471 708 454 696 446L400 146C388 133 375 125 354 125 338 125 325 129 313 142 300 154 292 171 292 187 292 204 296 221 308 233L563 492 304 771C292 783 288 800 288 817 288 833 296 850 308 863 321 871 338 875 354 875 371 875 388 867 400 854L696 533Z\"><\/path><\/svg>\t\t\t\t\t\t<\/div>\n\t\t\t\t\t\t\t\t\t\t\t\t\t\t\t\t<div class=\"swiper-pagination\"><\/div>\n\t\t\t\t\t\t\t\t\t\t\t\t<\/div>\n\t\t\t\t<\/div>\n\t\t\t\t\t\t\t\t<\/div>\n\t\t\t\t<\/div>\n\t\t\t\t\t<\/div>\n\t\t<\/div>\n\t\t\t\t\t<\/div>\n\t\t<\/section>\n\t\t<div class=\"elementor-element elementor-element-3f3aa078 e-flex e-con-boxed e-con e-parent\" data-id=\"3f3aa078\" data-element_type=\"container\" data-e-type=\"container\" data-settings=\"{&quot;background_background&quot;:&quot;classic&quot;}\">\n\t\t\t\t\t<div class=\"e-con-inner\">\n\t\t\t\t<div class=\"elementor-element elementor-element-2ed0093e elementor-widget elementor-widget-image\" data-id=\"2ed0093e\" data-element_type=\"widget\" data-e-type=\"widget\" data-widget_type=\"image.default\">\n\t\t\t\t<div class=\"elementor-widget-container\">\n\t\t\t\t\t\t\t\t\t\t\t\t\t\t\t<img fetchpriority=\"high\" decoding=\"async\" width=\"1024\" height=\"683\" src=\"https:\/\/voxmarisresort.com\/wp-content\/uploads\/2024\/07\/STD-DBL-ROOM2-1024x683.webp\" class=\"attachment-large size-large wp-image-10505\" alt=\"\" srcset=\"https:\/\/voxmarisresort.com\/wp-content\/uploads\/2024\/07\/STD-DBL-ROOM2-1024x683.webp 1024w, https:\/\/voxmarisresort.com\/wp-content\/uploads\/2024\/07\/STD-DBL-ROOM2-300x200.webp 300w, https:\/\/voxmarisresort.com\/wp-content\/uploads\/2024\/07\/STD-DBL-ROOM2-768x512.webp 768w, https:\/\/voxmarisresort.com\/wp-content\/uploads\/2024\/07\/STD-DBL-ROOM2-1536x1025.webp 1536w, https:\/\/voxmarisresort.com\/wp-content\/uploads\/2024\/07\/STD-DBL-ROOM2.webp 1619w\" sizes=\"(max-width: 1024px) 100vw, 1024px\" \/>\t\t\t\t\t\t\t\t\t\t\t\t\t\t\t<\/div>\n\t\t\t\t<\/div>\n\t\t<div class=\"elementor-element elementor-element-9399697 e-con-full e-flex e-con e-child\" data-id=\"9399697\" data-element_type=\"container\" data-e-type=\"container\">\n\t\t\t\t<div class=\"elementor-element elementor-element-6ef51b7 elementor-widget elementor-widget-text-editor\" data-id=\"6ef51b7\" data-element_type=\"widget\" data-e-type=\"widget\" data-widget_type=\"text-editor.default\">\n\t\t\t\t<div class=\"elementor-widget-container\">\n\t\t\t\t\t\t\t\t\t<h2><span style=\"color: #ffffff;\">Standard Zimmer<\/span><\/h2><ul><li>30 m2<\/li><li>1 Doppelbett + 1 Einzelbett<\/li><li>F\u00f6hn<\/li><li>Zentrale Klimaanlage<\/li><li>Kaffee &amp; Tee Set<\/li><li>Balkon<\/li><li>Minibar<\/li><li>Tresor<\/li><li>Led\/Satelliten-TV<\/li><li>Wi-Fi<\/li><li>Telefon<\/li><li>Bad (DU\/WC\/)<\/li><li>Slipper<\/li><li>Musik\u00fcbertragung<\/li><li>Bademantel<\/li><\/ul>\t\t\t\t\t\t\t\t<\/div>\n\t\t\t\t<\/div>\n\t\t\t\t<\/div>\n\t\t\t\t\t<\/div>\n\t\t\t\t<\/div>\n\t\t<div class=\"elementor-element elementor-element-8d18878 e-flex e-con-boxed e-con e-parent\" data-id=\"8d18878\" data-element_type=\"container\" data-e-type=\"container\">\n\t\t\t\t\t<div class=\"e-con-inner\">\n\t\t\t\t<div class=\"elementor-element elementor-element-3691326 elementor-widget elementor-widget-spacer\" data-id=\"3691326\" data-element_type=\"widget\" data-e-type=\"widget\" data-widget_type=\"spacer.default\">\n\t\t\t\t<div class=\"elementor-widget-container\">\n\t\t\t\t\t\t\t<div class=\"elementor-spacer\">\n\t\t\t<div class=\"elementor-spacer-inner\"><\/div>\n\t\t<\/div>\n\t\t\t\t\t\t<\/div>\n\t\t\t\t<\/div>\n\t\t\t\t\t<\/div>\n\t\t\t\t<\/div>\n\t\t<div class=\"elementor-element elementor-element-3f635b9 e-con-full e-flex e-con e-parent\" data-id=\"3f635b9\" data-element_type=\"container\" data-e-type=\"container\" data-settings=\"{&quot;background_background&quot;:&quot;classic&quot;}\">\n\t\t<div class=\"elementor-element elementor-element-b15f4f3 e-con-full e-flex e-con e-child\" data-id=\"b15f4f3\" data-element_type=\"container\" data-e-type=\"container\">\n\t\t\t\t<div class=\"elementor-element elementor-element-0ba49f5 elementor-widget elementor-widget-text-editor\" data-id=\"0ba49f5\" data-element_type=\"widget\" data-e-type=\"widget\" data-widget_type=\"text-editor.default\">\n\t\t\t\t<div class=\"elementor-widget-container\">\n\t\t\t\t\t\t\t\t\t<h2><span style=\"color: #ffffff;\">Swim-Up Zimmer<\/span><\/h2><ul><li>25 m2<\/li><li>1 Doppelbett<\/li><li>F\u00f6hn<\/li><li>Zentrale Klimaanlage<\/li><li>Kaffee &amp; Tee Set<\/li><li>Terrasse mit Liegest\u00fchlen<\/li><li>Minibar<\/li><li>Tresor<\/li><li>Led\/Satelliten-TV<\/li><li>Wi-Fi<\/li><li>Telefon<\/li><li>Bad (DU\/WC\/)<\/li><li>Slipper<\/li><li>Musik\u00fcbertragung<\/li><li>Bademantel<\/li><\/ul>\t\t\t\t\t\t\t\t<\/div>\n\t\t\t\t<\/div>\n\t\t\t\t<\/div>\n\t\t\t\t<div class=\"elementor-element elementor-element-1251e2f elementor-widget elementor-widget-image\" data-id=\"1251e2f\" data-element_type=\"widget\" data-e-type=\"widget\" data-widget_type=\"image.default\">\n\t\t\t\t<div class=\"elementor-widget-container\">\n\t\t\t\t\t\t\t\t\t\t\t\t\t\t\t<img decoding=\"async\" width=\"1024\" height=\"683\" src=\"https:\/\/voxmarisresort.com\/wp-content\/uploads\/2024\/07\/SWIMM-UP-ROOM1-2-1024x683.webp\" class=\"attachment-large size-large wp-image-10509\" alt=\"\" srcset=\"https:\/\/voxmarisresort.com\/wp-content\/uploads\/2024\/07\/SWIMM-UP-ROOM1-2-1024x683.webp 1024w, https:\/\/voxmarisresort.com\/wp-content\/uploads\/2024\/07\/SWIMM-UP-ROOM1-2-300x200.webp 300w, https:\/\/voxmarisresort.com\/wp-content\/uploads\/2024\/07\/SWIMM-UP-ROOM1-2-768x512.webp 768w, https:\/\/voxmarisresort.com\/wp-content\/uploads\/2024\/07\/SWIMM-UP-ROOM1-2-1536x1025.webp 1536w, https:\/\/voxmarisresort.com\/wp-content\/uploads\/2024\/07\/SWIMM-UP-ROOM1-2.webp 1619w\" sizes=\"(max-width: 1024px) 100vw, 1024px\" \/>\t\t\t\t\t\t\t\t\t\t\t\t\t\t\t<\/div>\n\t\t\t\t<\/div>\n\t\t\t\t<\/div>\n\t\t<div class=\"elementor-element elementor-element-e29f376 e-flex e-con-boxed e-con e-parent\" data-id=\"e29f376\" data-element_type=\"container\" data-e-type=\"container\">\n\t\t\t\t\t<div class=\"e-con-inner\">\n\t\t\t\t<div class=\"elementor-element elementor-element-b701dca elementor-widget elementor-widget-spacer\" data-id=\"b701dca\" data-element_type=\"widget\" data-e-type=\"widget\" data-widget_type=\"spacer.default\">\n\t\t\t\t<div class=\"elementor-widget-container\">\n\t\t\t\t\t\t\t<div class=\"elementor-spacer\">\n\t\t\t<div class=\"elementor-spacer-inner\"><\/div>\n\t\t<\/div>\n\t\t\t\t\t\t<\/div>\n\t\t\t\t<\/div>\n\t\t\t\t\t<\/div>\n\t\t\t\t<\/div>\n\t\t<div class=\"elementor-element elementor-element-212c650 e-con-full e-flex e-con e-parent\" data-id=\"212c650\" data-element_type=\"container\" data-e-type=\"container\" data-settings=\"{&quot;background_background&quot;:&quot;classic&quot;}\">\n\t\t\t\t<div class=\"elementor-element elementor-element-205394d elementor-widget elementor-widget-image\" data-id=\"205394d\" data-element_type=\"widget\" data-e-type=\"widget\" data-widget_type=\"image.default\">\n\t\t\t\t<div class=\"elementor-widget-container\">\n\t\t\t\t\t\t\t\t\t\t\t\t\t\t\t<img decoding=\"async\" width=\"1024\" height=\"683\" src=\"https:\/\/voxmarisresort.com\/wp-content\/uploads\/2024\/07\/FAMILY-ROOM1-1-1024x683.webp\" class=\"attachment-large size-large wp-image-10517\" alt=\"\" srcset=\"https:\/\/voxmarisresort.com\/wp-content\/uploads\/2024\/07\/FAMILY-ROOM1-1-1024x683.webp 1024w, https:\/\/voxmarisresort.com\/wp-content\/uploads\/2024\/07\/FAMILY-ROOM1-1-300x200.webp 300w, https:\/\/voxmarisresort.com\/wp-content\/uploads\/2024\/07\/FAMILY-ROOM1-1-768x512.webp 768w, https:\/\/voxmarisresort.com\/wp-content\/uploads\/2024\/07\/FAMILY-ROOM1-1-1536x1025.webp 1536w, https:\/\/voxmarisresort.com\/wp-content\/uploads\/2024\/07\/FAMILY-ROOM1-1.webp 1619w\" sizes=\"(max-width: 1024px) 100vw, 1024px\" \/>\t\t\t\t\t\t\t\t\t\t\t\t\t\t\t<\/div>\n\t\t\t\t<\/div>\n\t\t<div class=\"elementor-element elementor-element-0c69dc1 e-con-full e-flex e-con e-child\" data-id=\"0c69dc1\" data-element_type=\"container\" data-e-type=\"container\">\n\t\t\t\t<div class=\"elementor-element elementor-element-f45db1b elementor-widget elementor-widget-text-editor\" data-id=\"f45db1b\" data-element_type=\"widget\" data-e-type=\"widget\" data-widget_type=\"text-editor.default\">\n\t\t\t\t<div class=\"elementor-widget-container\">\n\t\t\t\t\t\t\t\t\t<h2><span style=\"color: #ffffff;\">Familienzimmer<\/span><\/h2><ul><li>35 m2<\/li><li>1 Doppelbett + 3 Einzelbetten<\/li><li>F\u00f6hn<\/li><li>Zentrale Klimaanlage<\/li><li>Balkon<\/li><li>Kaffee &amp; Tee Set<\/li><li>Minibar<\/li><li>Tresor<\/li><li>Led\/Satellitenfernsehen<\/li><li>Wi-Fi<\/li><li>Telefon<\/li><li>Bad (DU\/WC\/)<\/li><li>Slipper<\/li><li>Bademantel<\/li><li>Musik\u00fcbertragung<\/li><\/ul>\t\t\t\t\t\t\t\t<\/div>\n\t\t\t\t<\/div>\n\t\t\t\t<\/div>\n\t\t\t\t<\/div>\n\t\t<div class=\"elementor-element elementor-element-e5f19e6 e-flex e-con-boxed e-con e-parent\" data-id=\"e5f19e6\" data-element_type=\"container\" data-e-type=\"container\">\n\t\t\t\t\t<div class=\"e-con-inner\">\n\t\t\t\t<div class=\"elementor-element elementor-element-c784f3a elementor-widget elementor-widget-spacer\" data-id=\"c784f3a\" data-element_type=\"widget\" data-e-type=\"widget\" data-widget_type=\"spacer.default\">\n\t\t\t\t<div class=\"elementor-widget-container\">\n\t\t\t\t\t\t\t<div class=\"elementor-spacer\">\n\t\t\t<div class=\"elementor-spacer-inner\"><\/div>\n\t\t<\/div>\n\t\t\t\t\t\t<\/div>\n\t\t\t\t<\/div>\n\t\t\t\t\t<\/div>\n\t\t\t\t<\/div>\n\t\t<div class=\"elementor-element elementor-element-d833557 e-con-full e-flex e-con e-parent\" data-id=\"d833557\" data-element_type=\"container\" data-e-type=\"container\" data-settings=\"{&quot;background_background&quot;:&quot;classic&quot;}\">\n\t\t<div class=\"elementor-element elementor-element-276adc8 e-con-full e-flex e-con e-child\" data-id=\"276adc8\" data-element_type=\"container\" data-e-type=\"container\">\n\t\t\t\t<div class=\"elementor-element elementor-element-413ad77 elementor-widget elementor-widget-text-editor\" data-id=\"413ad77\" data-element_type=\"widget\" data-e-type=\"widget\" data-widget_type=\"text-editor.default\">\n\t\t\t\t<div class=\"elementor-widget-container\">\n\t\t\t\t\t\t\t\t\t<h2 id=\"tw-target-text\" class=\"tw-data-text tw-text-large tw-ta\" dir=\"ltr\" data-placeholder=\"\u00c7eviri\" data-ved=\"2ahUKEwjCyd-o0eCIAxUbRPEDHRVDByUQ3ewLegQICBAW\" aria-label=\"\u00c7evrilmi\u015f metin: Whirlpool-Zimmer\"><span class=\"Y2IQFc\" lang=\"de\" style=\"color: #ffffff;\">Whirlpool-Zimmer<\/span><\/h2><ul><li>30 m2<\/li><li>1 Doppelbett<\/li><li>Whirlpool auf dem Balkon<\/li><li>F\u00f6hn<\/li><li>Zentrale Klimaanlage<\/li><li>Kaffee &amp; Tee Set<\/li><li>Terrasse mit Liegest\u00fchlen<\/li><li>Minibar<\/li><li>Tresor<\/li><li>Led\/Satelliten-TV<\/li><li>Wi-Fi<\/li><li>Telefon<\/li><li>Bad (DU\/WC\/)<\/li><li>Slipper<\/li><li>Musik\u00fcbertragung<\/li><li>Bademantel<\/li><\/ul>\t\t\t\t\t\t\t\t<\/div>\n\t\t\t\t<\/div>\n\t\t\t\t<\/div>\n\t\t\t\t<div class=\"elementor-element elementor-element-bc203fb elementor-widget elementor-widget-image\" data-id=\"bc203fb\" data-element_type=\"widget\" data-e-type=\"widget\" data-widget_type=\"image.default\">\n\t\t\t\t<div class=\"elementor-widget-container\">\n\t\t\t\t\t\t\t\t\t\t\t\t\t\t\t<img loading=\"lazy\" decoding=\"async\" width=\"1024\" height=\"645\" src=\"https:\/\/voxmarisresort.com\/wp-content\/uploads\/2024\/07\/JAKUZZY-ROOM1-1024x645.jpg\" class=\"attachment-large size-large wp-image-10590\" alt=\"\" srcset=\"https:\/\/voxmarisresort.com\/wp-content\/uploads\/2024\/07\/JAKUZZY-ROOM1-1024x645.jpg 1024w, https:\/\/voxmarisresort.com\/wp-content\/uploads\/2024\/07\/JAKUZZY-ROOM1-300x189.jpg 300w, https:\/\/voxmarisresort.com\/wp-content\/uploads\/2024\/07\/JAKUZZY-ROOM1-768x484.jpg 768w, https:\/\/voxmarisresort.com\/wp-content\/uploads\/2024\/07\/JAKUZZY-ROOM1-1536x967.jpg 1536w, https:\/\/voxmarisresort.com\/wp-content\/uploads\/2024\/07\/JAKUZZY-ROOM1.jpg 1715w\" sizes=\"(max-width: 1024px) 100vw, 1024px\" \/>\t\t\t\t\t\t\t\t\t\t\t\t\t\t\t<\/div>\n\t\t\t\t<\/div>\n\t\t\t\t<\/div>\n\t\t<div class=\"elementor-element elementor-element-5e9fe2b e-flex e-con-boxed e-con e-parent\" data-id=\"5e9fe2b\" data-element_type=\"container\" data-e-type=\"container\">\n\t\t\t\t\t<div class=\"e-con-inner\">\n\t\t\t\t<div class=\"elementor-element elementor-element-977cbce elementor-widget elementor-widget-spacer\" data-id=\"977cbce\" data-element_type=\"widget\" data-e-type=\"widget\" data-widget_type=\"spacer.default\">\n\t\t\t\t<div class=\"elementor-widget-container\">\n\t\t\t\t\t\t\t<div class=\"elementor-spacer\">\n\t\t\t<div class=\"elementor-spacer-inner\"><\/div>\n\t\t<\/div>\n\t\t\t\t\t\t<\/div>\n\t\t\t\t<\/div>\n\t\t\t\t\t<\/div>\n\t\t\t\t<\/div>\n\t\t<div class=\"elementor-element elementor-element-80598e1 e-con-full e-flex e-con e-parent\" data-id=\"80598e1\" data-element_type=\"container\" data-e-type=\"container\" data-settings=\"{&quot;background_background&quot;:&quot;classic&quot;}\">\n\t\t\t\t<div class=\"elementor-element elementor-element-09e703a elementor-widget elementor-widget-image\" data-id=\"09e703a\" data-element_type=\"widget\" data-e-type=\"widget\" data-widget_type=\"image.default\">\n\t\t\t\t<div class=\"elementor-widget-container\">\n\t\t\t\t\t\t\t\t\t\t\t\t\t\t\t<img loading=\"lazy\" decoding=\"async\" width=\"1024\" height=\"683\" src=\"https:\/\/voxmarisresort.com\/wp-content\/uploads\/2024\/09\/room-disabled.jpg\" class=\"attachment-large size-large wp-image-10616\" alt=\"\" srcset=\"https:\/\/voxmarisresort.com\/wp-content\/uploads\/2024\/09\/room-disabled.jpg 1024w, https:\/\/voxmarisresort.com\/wp-content\/uploads\/2024\/09\/room-disabled-300x200.jpg 300w, https:\/\/voxmarisresort.com\/wp-content\/uploads\/2024\/09\/room-disabled-768x512.jpg 768w\" sizes=\"(max-width: 1024px) 100vw, 1024px\" \/>\t\t\t\t\t\t\t\t\t\t\t\t\t\t\t<\/div>\n\t\t\t\t<\/div>\n\t\t<div class=\"elementor-element elementor-element-3106d17 e-con-full e-flex e-con e-child\" data-id=\"3106d17\" data-element_type=\"container\" data-e-type=\"container\">\n\t\t\t\t<div class=\"elementor-element elementor-element-82b4ad7 elementor-widget elementor-widget-text-editor\" data-id=\"82b4ad7\" data-element_type=\"widget\" data-e-type=\"widget\" data-widget_type=\"text-editor.default\">\n\t\t\t\t<div class=\"elementor-widget-container\">\n\t\t\t\t\t\t\t\t\t<h2><span style=\"color: #ffffff;\">Behindertengerechtes Zimmer<\/span><\/h2><ul><li>30m2<\/li><li>Ein Schlafzimmer<\/li><li>Haartrockner<\/li><li>VRF-Klimaanlage<\/li><li>Tee- und Kaffeeset<\/li><li>Terrasse mit Sonnenliegen<\/li><li>Minibar<\/li><li>Digitaler Safe<\/li><li>LED\/Satelliten-TV<\/li><li>W-lan<\/li><li>Telefon<\/li><li>Badezimmer (Dusche\/WC\/Waage)<\/li><li>Slipper<\/li><li>Musik-Streaming<\/li><li>Morgenmantel<\/li><li>Notrufglocke<\/li><li>Kleiderb\u00fcgel mit Aufzugssystem<\/li><li>Griff f\u00fcr Bettgel\u00e4nder<\/li><\/ul>\t\t\t\t\t\t\t\t<\/div>\n\t\t\t\t<\/div>\n\t\t\t\t<\/div>\n\t\t\t\t<\/div>\n\t\t<div class=\"elementor-element elementor-element-bcce1ca e-flex e-con-boxed e-con e-parent\" data-id=\"bcce1ca\" data-element_type=\"container\" data-e-type=\"container\">\n\t\t\t\t\t<div class=\"e-con-inner\">\n\t\t\t\t<div class=\"elementor-element elementor-element-8593a0d elementor-widget elementor-widget-spacer\" data-id=\"8593a0d\" data-element_type=\"widget\" data-e-type=\"widget\" data-widget_type=\"spacer.default\">\n\t\t\t\t<div class=\"elementor-widget-container\">\n\t\t\t\t\t\t\t<div class=\"elementor-spacer\">\n\t\t\t<div class=\"elementor-spacer-inner\"><\/div>\n\t\t<\/div>\n\t\t\t\t\t\t<\/div>\n\t\t\t\t<\/div>\n\t\t\t\t\t<\/div>\n\t\t\t\t<\/div>\n\t\t\t\t<\/div>\n\t\t","protected":false},"excerpt":{"rendered":"<p>Unsere Zimmer Mit ihrer modernen Einrichtung garantieren unsere Zimmer einen angenehmen Aufenthalt und einen erholsamen Schlaf. Alle unsere Zimmer sind modern eingerichtet und verf\u00fcgen \u00fcber die folgenden Standards: Bad mit Dusche &amp; WC, Klimaanlage, Telefon, LCD-TV-Satelliten\u00fcbertragung, Musik\u00fcbertragung, drahtloser Internetzugang, Haartrockner, Badem\u00e4ntel &amp; Hausschuhe, Pflegeprodukte, Kosmetikspiegel, Balkon, Minibar, Safe, Laminatboden, sowie einen Wasserkocher f\u00fcr Tee und [&hellip;]<\/p>\n","protected":false},"author":1,"featured_media":0,"parent":0,"menu_order":0,"comment_status":"closed","ping_status":"closed","template":"","meta":{"footnotes":""},"class_list":["post-9817","page","type-page","status-publish","hentry"],"_links":{"self":[{"href":"https:\/\/voxmarisresort.com\/de\/wp-json\/wp\/v2\/pages\/9817","targetHints":{"allow":["GET"]}}],"collection":[{"href":"https:\/\/voxmarisresort.com\/de\/wp-json\/wp\/v2\/pages"}],"about":[{"href":"https:\/\/voxmarisresort.com\/de\/wp-json\/wp\/v2\/types\/page"}],"author":[{"embeddable":true,"href":"https:\/\/voxmarisresort.com\/de\/wp-json\/wp\/v2\/users\/1"}],"replies":[{"embeddable":true,"href":"https:\/\/voxmarisresort.com\/de\/wp-json\/wp\/v2\/comments?post=9817"}],"version-history":[{"count":29,"href":"https:\/\/voxmarisresort.com\/de\/wp-json\/wp\/v2\/pages\/9817\/revisions"}],"predecessor-version":[{"id":11436,"href":"https:\/\/voxmarisresort.com\/de\/wp-json\/wp\/v2\/pages\/9817\/revisions\/11436"}],"wp:attachment":[{"href":"https:\/\/voxmarisresort.com\/de\/wp-json\/wp\/v2\/media?parent=9817"}],"curies":[{"name":"wp","href":"https:\/\/api.w.org\/{rel}","templated":true}]}}